{"id":1282,"date":"2023-11-23T03:54:14","date_gmt":"2023-11-23T03:54:14","guid":{"rendered":"https:\/\/baquevoador.com.au\/?page_id=1282"},"modified":"2024-08-08T13:05:20","modified_gmt":"2024-08-08T12:05:20","slug":"alfaias","status":"publish","type":"page","link":"https:\/\/baquevoador.com.au\/index.php\/members\/alfaias\/","title":{"rendered":"Alfaias"},"content":{"rendered":"\n<div class=\"wp-block-uagb-container uagb-block-aec1ad0b alignfull uagb-is-root-container\"><div class=\"uagb-container-inner-blocks-wrap\">\n<div class=\"wp-block-uagb-container uagb-block-396756cd\">\n<div class=\"wp-block-buttons is-content-justification-center is-layout-flex wp-container-core-buttons-layout-1 wp-block-buttons-is-layout-flex\">\n<div class=\"wp-block-button\"><a class=\"wp-block-button__link wp-element-button\" href=\"https:\/\/baquevoador.com.au\/index.php\/caixa\/\">Caixa                  <\/a><\/div>\n<\/div>\n<\/div>\n\n\n\n<div class=\"wp-block-uagb-container uagb-block-2e37b763\">\n<div class=\"wp-block-buttons is-content-justification-center is-layout-flex wp-container-core-buttons-layout-2 wp-block-buttons-is-layout-flex\">\n<div class=\"wp-block-button\"><a class=\"wp-block-button__link wp-element-button\" href=\"https:\/\/baquevoador.com.au\/index.php\/gongue\/\">Gong\u00fbe \/ Agog\u00f4<\/a><\/div>\n<\/div>\n<\/div>\n\n\n\n<div class=\"wp-block-uagb-container uagb-block-69032f5c\">\n<div class=\"wp-block-uagb-buttons uagb-buttons__outer-wrap uagb-btn__default-btn uagb-btn-tablet__default-btn uagb-btn-mobile__default-btn uagb-block-54a451fd\"><div class=\"uagb-buttons__wrap uagb-buttons-layout-wrap\">\n<div class=\"wp-block-uagb-buttons-child uagb-buttons__outer-wrap uagb-block-00aa33d6 wp-block-button\"><div class=\"uagb-button__wrapper\"><a class=\"uagb-buttons-repeater wp-block-button__link\" href=\"https:\/\/baquevoador.com.au\/index.php\/loas-lyrics\/\" onclick=\"return true;\" rel=\"follow noopener\" target=\"_self\"><div class=\"uagb-button__link\">Loas &amp; Songs<\/div><\/a><\/div><\/div>\n<\/div><\/div>\n<\/div>\n\n\n\n<div class=\"wp-block-uagb-container uagb-block-5932cd83\"><\/div>\n\n\n\n<div class=\"wp-block-uagb-container uagb-block-5d8af6ed\"><\/div>\n<\/div><\/div>\n\n\n\n<div style=\"height:42px\" aria-hidden=\"true\" class=\"wp-block-spacer\"><\/div>\n\n\n\n<div class=\"wp-block-uagb-container uagb-block-8c5489b8 alignfull uagb-is-root-container\"><div class=\"uagb-container-inner-blocks-wrap\">\n<div class=\"wp-block-uagb-container uagb-block-d3043f25\">\n<figure class=\"wp-block-video\"><video controls src=\"http:\/\/baquevoador.com.au\/wp-content\/uploads\/2024\/08\/martelo-convention.mp4\"><\/video><figcaption class=\"wp-element-caption\">Martelo \/ coco convention<\/figcaption><\/figure>\n<\/div>\n\n\n\n<div class=\"wp-block-uagb-container uagb-block-e3d7181e\">\n<figure class=\"wp-block-video\"><video controls src=\"http:\/\/baquevoador.com.au\/wp-content\/uploads\/2024\/08\/Chamada-viracao.mp4\"><\/video><figcaption class=\"wp-element-caption\">Chamada vira\u00e7\u00e3o E<br>strela<\/figcaption><\/figure>\n<\/div>\n\n\n\n<div class=\"wp-block-uagb-container uagb-block-240d6a2d\">\n<figure class=\"wp-block-video\"><video controls src=\"http:\/\/baquevoador.com.au\/wp-content\/uploads\/2024\/08\/repique.mp4\"><\/video><figcaption class=\"wp-element-caption\">Repique quebrado<\/figcaption><\/figure>\n<\/div>\n\n\n\n<div class=\"wp-block-uagb-container uagb-block-db9735e9\"><\/div>\n<\/div><\/div>\n\n\n\n<div class=\"wp-block-uagb-container uagb-block-c95e5f12 alignfull uagb-is-root-container\"><div class=\"uagb-container-inner-blocks-wrap\">\n<div class=\"wp-block-uagb-container uagb-block-c0c6781f\">\n<p><sub>transition Marca\u00e7\u00e3o &#8211; Imal\u00ea<\/sub><\/p>\n\n\n\n<figure class=\"wp-block-video\"><video controls src=\"https:\/\/baquevoador.com.au\/wp-content\/uploads\/2023\/11\/transition-MarcacaoImale.mp4\"><\/video><\/figure>\n<\/div>\n\n\n\n<div class=\"wp-block-uagb-container uagb-block-1e6ecab8\">\n<p><sub>Transition Imal\u00ea &#8211; Marca\u00e7\u00e3o<\/sub><\/p>\n\n\n\n<figure class=\"wp-block-video\"><video controls src=\"https:\/\/baquevoador.com.au\/wp-content\/uploads\/2023\/11\/transition-ImaleMarcacao.mp4\"><\/video><\/figure>\n<\/div>\n\n\n\n<div class=\"wp-block-uagb-container uagb-block-16eda269\">\n<p><sub>Transition Mara\u00e7\u00e3o &#8211; Martelo<\/sub><\/p>\n\n\n\n<figure class=\"wp-block-video\"><video controls src=\"https:\/\/baquevoador.com.au\/wp-content\/uploads\/2023\/11\/transition-MarcacaoImaleMartelo.mp4\"><\/video><\/figure>\n<\/div>\n\n\n\n<div class=\"wp-block-uagb-container uagb-block-90ecba80\">\n<p><sub>Martelo ending on the 4th beat<\/sub><\/p>\n\n\n\n<figure class=\"wp-block-video\"><video controls src=\"http:\/\/baquevoador.com.au\/wp-content\/uploads\/2023\/11\/Martelo-ending-on-the-4th-beat.mp4\"><\/video><\/figure>\n<\/div>\n\n\n\n<div class=\"wp-block-uagb-container uagb-block-60feba3c\">\n<p><sub>Rol\u00ea<\/sub><\/p>\n\n\n\n<figure class=\"wp-block-video\"><video controls src=\"http:\/\/baquevoador.com.au\/wp-content\/uploads\/2023\/11\/role.mp4\"><\/video><\/figure>\n<\/div>\n\n\n\n<div class=\"wp-block-uagb-container uagb-block-cf6d1ac2\">\n<p><sub>Only thing is: the last 3 notes of the alfaia are only 2. Instead of &#8220;right left right&#8221; it is only &#8220;right left&#8221;<\/sub><\/p>\n\n\n\n<figure class=\"wp-block-video\"><video controls src=\"http:\/\/baquevoador.com.au\/wp-content\/uploads\/2023\/11\/chamada-de-caixa-com-alfaia.mp4\"><\/video><\/figure>\n<\/div>\n\n\n\n<div class=\"wp-block-uagb-container uagb-block-49430f00\">\n<div class=\"wp-block-columns is-layout-flex wp-container-core-columns-layout-1 wp-block-columns-is-layout-flex\">\n<div class=\"wp-block-column is-layout-flow wp-block-column-is-layout-flow\">\n<figure class=\"wp-block-video\"><video controls src=\"http:\/\/baquevoador.com.au\/wp-content\/uploads\/2024\/04\/afoxe-maracatu-variations.mp4\"><\/video><\/figure>\n<\/div>\n\n\n\n<div class=\"wp-block-column is-layout-flow wp-block-column-is-layout-flow\"><\/div>\n<\/div>\n<\/div>\n<\/div><\/div>\n","protected":false},"excerpt":{"rendered":"<p>transition Marca\u00e7\u00e3o &#8211; Imal\u00ea Transition Imal\u00ea &#8211; Marca\u00e7\u00e3o Transition Mara\u00e7\u00e3o &#8211; Martelo Martelo ending on the 4th beat Rol\u00ea Only thing is: the last 3 notes of the alfaia are only 2. Instead of &#8220;right left right&#8221; it is only &#8220;right left&#8221;<\/p>\n","protected":false},"author":1,"featured_media":0,"parent":1280,"menu_order":1,"comment_status":"closed","ping_status":"closed","template":"","meta":{"_uag_custom_page_level_css":"","site-sidebar-layout":"default","site-content-layout":"","ast-site-content-layout":"default","site-content-style":"default","site-sidebar-style":"default","ast-global-header-display":"","ast-banner-title-visibility":"","ast-main-header-display":"","ast-hfb-above-header-display":"","ast-hfb-below-header-display":"","ast-hfb-mobile-header-display":"","site-post-title":"disabled","ast-breadcrumbs-content":"","ast-featured-img":"","footer-sml-layout":"","theme-transparent-header-meta":"","adv-header-id-meta":"","stick-header-meta":"","header-above-stick-meta":"","header-main-stick-meta":"","header-below-stick-meta":"","astra-migrate-meta-layouts":"set","ast-page-background-enabled":"default","ast-page-background-meta":{"desktop":{"background-color":"var(--ast-global-color-4)","background-image":"","background-repeat":"repeat","background-position":"center center","background-size":"auto","background-attachment":"scroll","background-type":"","background-media":"","overlay-type":"","overlay-color":"","overlay-gradient":""},"tablet":{"background-color":"","background-image":"","background-repeat":"repeat","background-position":"center center","background-size":"auto","background-attachment":"scroll","background-type":"","background-media":"","overlay-type":"","overlay-color":"","overlay-gradient":""},"mobile":{"background-color":"","background-image":"","background-repeat":"repeat","background-position":"center center","background-size":"auto","background-attachment":"scroll","background-type":"","background-media":"","overlay-type":"","overlay-color":"","overlay-gradient":""}},"ast-content-background-meta":{"desktop":{"background-color":"var(--ast-global-color-5)","background-image":"","background-repeat":"repeat","background-position":"center center","background-size":"auto","background-attachment":"scroll","background-type":"","background-media":"","overlay-type":"","overlay-color":"","overlay-gradient":""},"tablet":{"background-color":"var(--ast-global-color-5)","background-image":"","background-repeat":"repeat","background-position":"center center","background-size":"auto","background-attachment":"scroll","background-type":"","background-media":"","overlay-type":"","overlay-color":"","overlay-gradient":""},"mobile":{"background-color":"var(--ast-global-color-5)","background-image":"","background-repeat":"repeat","background-position":"center center","background-size":"auto","background-attachment":"scroll","background-type":"","background-media":"","overlay-type":"","overlay-color":"","overlay-gradient":""}},"footnotes":""},"uagb_featured_image_src":{"full":false,"thumbnail":false,"medium":false,"medium_large":false,"large":false,"1536x1536":false,"2048x2048":false},"uagb_author_info":{"display_name":"baquevoador.com.au","author_link":"https:\/\/baquevoador.com.au\/index.php\/author\/baquevoador-com-au\/"},"uagb_comment_info":0,"uagb_excerpt":"transition Marca\u00e7\u00e3o &#8211; Imal\u00ea Transition Imal\u00ea &#8211; Marca\u00e7\u00e3o Transition Mara\u00e7\u00e3o &#8211; Martelo Martelo ending on the 4th beat Rol\u00ea Only thing is: the last 3 notes of the alfaia are only 2. Instead of &#8220;right left right&#8221; it is only &#8220;right left&#8221;","_links":{"self":[{"href":"https:\/\/baquevoador.com.au\/index.php\/wp-json\/wp\/v2\/pages\/1282"}],"collection":[{"href":"https:\/\/baquevoador.com.au\/index.php\/wp-json\/wp\/v2\/pages"}],"about":[{"href":"https:\/\/baquevoador.com.au\/index.php\/wp-json\/wp\/v2\/types\/page"}],"author":[{"embeddable":true,"href":"https:\/\/baquevoador.com.au\/index.php\/wp-json\/wp\/v2\/users\/1"}],"replies":[{"embeddable":true,"href":"https:\/\/baquevoador.com.au\/index.php\/wp-json\/wp\/v2\/comments?post=1282"}],"version-history":[{"count":13,"href":"https:\/\/baquevoador.com.au\/index.php\/wp-json\/wp\/v2\/pages\/1282\/revisions"}],"predecessor-version":[{"id":1528,"href":"https:\/\/baquevoador.com.au\/index.php\/wp-json\/wp\/v2\/pages\/1282\/revisions\/1528"}],"up":[{"embeddable":true,"href":"https:\/\/baquevoador.com.au\/index.php\/wp-json\/wp\/v2\/pages\/1280"}],"wp:attachment":[{"href":"https:\/\/baquevoador.com.au\/index.php\/wp-json\/wp\/v2\/media?parent=1282"}],"curies":[{"name":"wp","href":"https:\/\/api.w.org\/{rel}","templated":true}]}}